{"id":6,"date":"2016-03-25T23:07:58","date_gmt":"2016-03-25T22:07:58","guid":{"rendered":"http:\/\/www.asv-berghaupten.de\/hp\/?page_id=6"},"modified":"2022-07-04T21:21:21","modified_gmt":"2022-07-04T19:21:21","slug":"vorstandschaft","status":"publish","type":"page","link":"https:\/\/www.asv-berghaupten.de\/hp\/verein\/vorstandschaft\/","title":{"rendered":"Vorstandschaft"},"content":{"rendered":"<p>Ein Verein lebt von seinen engagierten Mitgliedern. Derzeit sind folgende Personen in der Vorstandschaft:<\/p>\n<h2>Gesch\u00e4ftsf\u00fchrender Vorstand:<\/h2>\n<p><strong>1. Vorsitzender<br \/>\n<\/strong>Herbert M\u00e4nnle<br \/>\nGoethestr. 8<br \/>\n77791 Berghaupten<br \/>\n<a href=\"mailto:vorstand@asv-berghaupten.de\">vorstand@asv-berghaupten.de<\/a><\/p>\n<p><strong>2. Vorsitzender<br \/>\n<\/strong>Klaus Bauer<\/p>\n<p><strong>1. Kassierer<br \/>\n<\/strong>Herbert Zapf<\/p>\n<h2>Weitere Vorstandsmitglieder:<\/h2>\n<p><strong>2. Kassierer<br \/>\n<\/strong>Matthias Zapf<\/p>\n<p><strong>1. Schriftf\u00fchrer<br \/>\n<\/strong>Kai \u00a0Vollmer<\/p>\n<p><strong>2. Schriftf\u00fchrer<br \/>\n<\/strong>Peter Bauer<\/p>\n<p><strong>1. Gew\u00e4sserwart<br \/>\n<\/strong>Daniel Frank<\/p>\n<p><strong>2. Gew\u00e4sserwart<br \/>\n<\/strong>Loris Zapf<\/p>\n<p><strong>3. Gew\u00e4sserwart<br \/>\n<\/strong>Johannes Schneider<\/p>\n<p>Stand: 18.06.2022<\/p>\n","protected":false},"excerpt":{"rendered":"<p>Ein Verein lebt von seinen engagierten Mitgliedern. Derzeit sind folgende Personen in der Vorstandschaft: Gesch\u00e4ftsf\u00fchrender Vorstand: 1. Vorsitzender Herbert M\u00e4nnle Goethestr. 8 77791 Berghaupten vorstand@asv-berghaupten.de 2. Vorsitzender Klaus Bauer 1. Kassierer Herbert Zapf Weitere Vorstandsmitglieder:[&#8230;]<\/p>\n","protected":false},"author":1,"featured_media":0,"parent":4,"menu_order":88,"comment_status":"closed","ping_status":"closed","template":"","meta":{"footnotes":""},"_links":{"self":[{"href":"https:\/\/www.asv-berghaupten.de\/hp\/wp-json\/wp\/v2\/pages\/6"}],"collection":[{"href":"https:\/\/www.asv-berghaupten.de\/hp\/wp-json\/wp\/v2\/pages"}],"about":[{"href":"https:\/\/www.asv-berghaupten.de\/hp\/wp-json\/wp\/v2\/types\/page"}],"author":[{"embeddable":true,"href":"https:\/\/www.asv-berghaupten.de\/hp\/wp-json\/wp\/v2\/users\/1"}],"replies":[{"embeddable":true,"href":"https:\/\/www.asv-berghaupten.de\/hp\/wp-json\/wp\/v2\/comments?post=6"}],"version-history":[{"count":26,"href":"https:\/\/www.asv-berghaupten.de\/hp\/wp-json\/wp\/v2\/pages\/6\/revisions"}],"predecessor-version":[{"id":651,"href":"https:\/\/www.asv-berghaupten.de\/hp\/wp-json\/wp\/v2\/pages\/6\/revisions\/651"}],"up":[{"embeddable":true,"href":"https:\/\/www.asv-berghaupten.de\/hp\/wp-json\/wp\/v2\/pages\/4"}],"wp:attachment":[{"href":"https:\/\/www.asv-berghaupten.de\/hp\/wp-json\/wp\/v2\/media?parent=6"}],"curies":[{"name":"wp","href":"https:\/\/api.w.org\/{rel}","templated":true}]}}